{"id":5208,"date":"2023-02-17T09:28:53","date_gmt":"2023-02-17T08:28:53","guid":{"rendered":"https:\/\/www.decodeapps.com\/politica-de-privacidade-de-dados\/"},"modified":"2025-03-24T17:10:00","modified_gmt":"2025-03-24T16:10:00","slug":"politica-de-privacidade-de-dados","status":"publish","type":"page","link":"https:\/\/www.decodeapps.com\/pt-br\/politica-de-privacidade-de-dados\/","title":{"rendered":"Pol\u00edtica de privacidade de dados"},"content":{"rendered":"<p><div class=\"fusion-fullwidth fullwidth-box fusion-builder-row-1 fusion-flex-container nonhundred-percent-fullwidth non-hundred-percent-height-scrolling\" style=\"--awb-border-radius-top-left:0px;--awb-border-radius-top-right:0px;--awb-border-radius-bottom-right:0px;--awb-border-radius-bottom-left:0px;--awb-flex-wrap:wrap;\" ><div class=\"fusion-builder-row fusion-row fusion-flex-align-items-flex-start fusion-flex-content-wrap\" style=\"max-width:1248px;margin-left: calc(-4% \/ 2 );margin-right: calc(-4% \/ 2 );\"><div class=\"fusion-layout-column fusion_builder_column fusion-builder-column-0 fusion_builder_column_1_1 1_1 fusion-flex-column\" style=\"--awb-bg-blend:overlay;--awb-bg-size:cover;--awb-width-large:100%;--awb-margin-top-large:2vw;--awb-spacing-right-large:1.92%;--awb-margin-bottom-large:0px;--awb-spacing-left-large:1.92%;--awb-width-medium:100%;--awb-spacing-right-medium:1.92%;--awb-spacing-left-medium:1.92%;--awb-width-small:100%;--awb-spacing-right-small:1.92%;--awb-spacing-left-small:1.92%;\"><div class=\"fusion-column-wrapper fusion-flex-justify-content-flex-start fusion-content-layout-column\"><div class=\"fusion-title title fusion-title-1 fusion-sep-none fusion-title-center fusion-title-text fusion-title-size-one\" style=\"--awb-text-color:var(--awb-color4);--awb-margin-bottom:2vw;\"><h1 class=\"fusion-title-heading title-heading-center\" style=\"font-family:&quot;Roboto&quot;;font-style:normal;font-weight:700;margin:0;\"><div> <\/div>\n<p><span style=\"font-size: 42px; color: var(--awb-color4); font-weight: normal;\" data-fusion-font=\"true\">Pol\u00edtica de privacidade de dados<\/span><\/p>\n<p><span style=\"color: var(--awb-color6); font-size: 34px; font-weight: normal; letter-spacing: var(--h1_typography-letter-spacing); text-transform: var(--h1_typography-text-transform); background-color: var(--awb-bg-color-hover);\"><br \/><\/span><\/p>\n<p><span style=\"color: var(--awb-color6); font-size: 34px; font-weight: normal; letter-spacing: var(--h1_typography-letter-spacing); text-transform: var(--h1_typography-text-transform); background-color: var(--awb-bg-color-hover);\">v1.2 a partir de 24\/03\/2025<\/span><\/p><\/h1><\/div><\/div><\/div><\/div><\/div><div class=\"fusion-fullwidth fullwidth-box fusion-builder-row-2 fusion-flex-container has-pattern-background has-mask-background nonhundred-percent-fullwidth non-hundred-percent-height-scrolling\" style=\"--awb-border-radius-top-left:0px;--awb-border-radius-top-right:0px;--awb-border-radius-bottom-right:0px;--awb-border-radius-bottom-left:0px;--awb-flex-wrap:wrap;\" ><div class=\"fusion-builder-row fusion-row fusion-flex-align-items-flex-start fusion-flex-content-wrap\" style=\"max-width:1248px;margin-left: calc(-4% \/ 2 );margin-right: calc(-4% \/ 2 );\"><div class=\"fusion-layout-column fusion_builder_column fusion-builder-column-1 fusion_builder_column_1_1 1_1 fusion-flex-column\" style=\"--awb-bg-size:cover;--awb-width-large:100%;--awb-margin-top-large:0px;--awb-spacing-right-large:1.92%;--awb-margin-bottom-large:20px;--awb-spacing-left-large:1.92%;--awb-width-medium:100%;--awb-order-medium:0;--awb-spacing-right-medium:1.92%;--awb-spacing-left-medium:1.92%;--awb-width-small:100%;--awb-order-small:0;--awb-spacing-right-small:1.92%;--awb-spacing-left-small:1.92%;\"><div class=\"fusion-column-wrapper fusion-column-has-shadow fusion-flex-justify-content-flex-start fusion-content-layout-column\"><div class=\"fusion-text fusion-text-1\"><h2>1. Introdu\u00e7\u00e3o<\/h2>\n<p>A Decode Consulting SAS, sua marca Decodeapps e seu site https:\/\/www.decodeapps.Com (identificados como &#8220;n\u00f3s&#8221;, &#8220;nosso&#8221;, &#8220;nos&#8221;) t\u00eam o compromisso de proteger e respeitar sua privacidade.<\/p>\n<p>Esta Pol\u00edtica de Privacidade explica como coletamos, usamos e protegemos suas informa\u00e7\u00f5es quando o senhor visita nosso site https:\/\/www.decodeapps.Com e usa nossos servi\u00e7os.<\/p>\n<p>Leia esta pol\u00edtica com aten\u00e7\u00e3o para entender nossas pr\u00e1ticas em rela\u00e7\u00e3o aos seus dados pessoais e aos dados confidenciais de sua empresa.<\/p>\n<\/p>\n<h2>2. Quem somos n\u00f3s?<\/h2>\n<p>O projeto Decodeapps come\u00e7ou em 2012 como pioneiro em benchmarks massivos de Appstores com base em dados p\u00fablicos e n\u00e3o confidenciais.<\/p>\n<p>Atualmente, nosso foco \u00e9 fornecer a melhor solu\u00e7\u00e3o personaliz\u00e1vel de relat\u00f3rios de aplicativos m\u00f3veis para os principais editores do mundo. Agregamos rapidamente an\u00e1lises no aplicativo, an\u00e1lises da Appstore, benchmark de concorrentes e conjuntos de dados de avalia\u00e7\u00f5es com o m\u00e1ximo respeito \u00e0 privacidade e \u00e0s necessidades dos dados de nossos clientes. <\/p>\n<\/p>\n<h2>3. Por que processamos seus dados pessoais?<\/h2>\n<p>Processamos seus dados pessoais somente se o senhor decidir entrar em contato conosco.<\/p>\n<p>Caso contr\u00e1rio, n\u00e3o rastreamos o senhor de forma alguma, coletando cookies, por exemplo.<\/p>\n<\/p>\n<h2>4. Informa\u00e7\u00f5es que coletamos<\/h2>\n<p>Dados pessoais fornecidos pelo senhor<\/p>\n<p><u>Informa\u00e7\u00f5es de contato:<\/u><\/p>\n<p>Nome (formul\u00e1rio de contato)<\/p>\n<p>endere\u00e7o de e-mail (formul\u00e1rio de contato e boletim informativo)<\/p>\n<p>n\u00famero de telefone (formul\u00e1rio Fale conosco)<\/p>\n<p>etc., normalmente se o senhor optar por entrar em contato conosco ou assinar nosso boletim informativo.<\/p>\n<p><u>Comunica\u00e7\u00e3o:<\/u><\/p>\n<p>E-mails, intera\u00e7\u00f5es com o atendimento ao cliente, telefonemas etc., mas somente se o senhor decidir que podemos entrar em contato com ele.<\/p>\n<p>Dados coletados automaticamente<\/p>\n<p>Dados t\u00e9cnicos: Por motivos de seguran\u00e7a, endere\u00e7o IP, tipo e vers\u00e3o do navegador, configura\u00e7\u00e3o de fuso hor\u00e1rio, tipos e vers\u00f5es de plug-in do navegador, sistema operacional e plataforma.<\/p>\n<p>Cookies e tecnologias de rastreamento: Escolhemos o Matomo Analytics e o configuramos para garantir o rastreamento sem cookies, a fim de coletar apenas visitas an\u00f4nimas ao nosso site, incluindo dados de tr\u00e1fego, dados de localiza\u00e7\u00e3o, registros e outros dados de comunica\u00e7\u00e3o.<\/p>\n<p>Tecnologia antispam : \u00c9 usado o antispam Cleantalk, as mensagens aprovadas n\u00e3o s\u00e3o salvas e os dados s\u00e3o hospedados exclusivamente na Uni\u00e3o Europeia.<\/p>\n<\/p>\n<h2>5. Como usamos suas informa\u00e7\u00f5es<\/h2>\n<p>Usamos as informa\u00e7\u00f5es que coletamos das seguintes maneiras:<\/p>\n<p>Para fornecer e manter nossos servi\u00e7os.<\/p>\n<p>Para nos comunicarmos com o senhor, inclusive para responder \u00e0s suas perguntas.<\/p>\n<p>Para melhorar nosso site, produtos e servi\u00e7os.<\/p>\n<p>Para garantir a seguran\u00e7a de nossos servi\u00e7os e evitar fraudes.<\/p>\n<p>Para cumprir com obriga\u00e7\u00f5es legais.<\/p>\n<\/p>\n<h2>6. Base legal para o processamento<\/h2>\n<p>Processamos seus dados pessoais com base nos seguintes fundamentos legais:<\/p>\n<\/p>\n<p>Consentimento: Quando o senhor (a) tiver dado seu consentimento para que usemos seus dados pessoais. Por exemplo, ao entrar em contato conosco ou assinar nosso boletim informativo. <\/p>\n<p>Obriga\u00e7\u00e3o legal: Quando precisarmos cumprir uma obriga\u00e7\u00e3o legal.<\/p>\n<\/p>\n<h2>7. Compartilhamento e divulga\u00e7\u00e3o de dados<\/h2>\n<p>Podemos compartilhar seus dados pessoais nos seguintes casos:<\/p>\n<\/p>\n<p>Requisitos legais: Se exigido por lei ou em resposta a solicita\u00e7\u00f5es v\u00e1lidas de autoridades p\u00fablicas.<\/p>\n<p>Transfer\u00eancias de neg\u00f3cios: Em conex\u00e3o com qualquer fus\u00e3o, venda de ativos da empresa, financiamento ou aquisi\u00e7\u00e3o de toda ou parte de nossos neg\u00f3cios por outra empresa.<\/p>\n<h2>8. N\u00e3o h\u00e1 transfer\u00eancias internacionais de dados<\/h2>\n<p>Suas informa\u00e7\u00f5es, incluindo dados pessoais, nunca ser\u00e3o transferidas e mantidas em computadores localizados fora da Uni\u00e3o Europeia, em conformidade com o GDPR.<\/p>\n<\/p>\n<h2>9. Reten\u00e7\u00e3o de dados<\/h2>\n<p>Reteremos seus dados pessoais somente pelo tempo necess\u00e1rio para os fins estabelecidos nesta Pol\u00edtica de Privacidade ou conforme exigido por lei, normalmente por um per\u00edodo m\u00e1ximo de 5 (cinco) anos.<\/p>\n<\/p>\n<h2>10. Seus direitos<\/h2>\n<p><u>O senhor tem os seguintes direitos em rela\u00e7\u00e3o aos seus dados pessoais:<\/u><\/p>\n<p>Acesso: O senhor tem o direito de solicitar uma c\u00f3pia dos dados pessoais que mantemos sobre o senhor.<\/p>\n<p>Retifica\u00e7\u00e3o: O senhor tem o direito de solicitar a corre\u00e7\u00e3o de quaisquer dados imprecisos ou incompletos.<\/p>\n<p>Exclus\u00e3o: o senhor tem o direito de solicitar a exclus\u00e3o de seus dados pessoais em determinadas circunst\u00e2ncias.<\/p>\n<p>Restri\u00e7\u00e3o: O senhor tem o direito de solicitar a restri\u00e7\u00e3o do processamento de seus dados pessoais sob determinadas condi\u00e7\u00f5es.<\/p>\n<p>Portabilidade de dados: O senhor tem o direito de receber seus dados pessoais em um formato estruturado, comumente usado e leg\u00edvel por m\u00e1quina (normalmente uma exporta\u00e7\u00e3o csv).<\/p>\n<p>Obje\u00e7\u00e3o: O senhor tem o direito de se opor ao processamento de seus dados pessoais em determinadas circunst\u00e2ncias.<\/p>\n<p>Retirada de consentimento: Se estivermos processando seus dados pessoais com base em seu consentimento, o senhor tem o direito de retirar seu consentimento a qualquer momento.<\/p>\n<p>Para exercer seus direitos, envie-nos um e-mail para nicolas at decodeapps dot com<\/p>\n<\/p>\n<h2>11. Seguran\u00e7a<\/h2>\n<p>Tomamos medidas razo\u00e1veis para proteger os dados pessoais que coletamos contra perda, uso indevido, acesso n\u00e3o autorizado, divulga\u00e7\u00e3o, altera\u00e7\u00e3o ou destrui\u00e7\u00e3o, com base nas pr\u00e1ticas recomendadas da ISO 27001.<\/p>\n<\/p>\n<h2>12. Altera\u00e7\u00f5es a esta Pol\u00edtica de Privacidade<\/h2>\n<p>Podemos atualizar esta Pol\u00edtica de Privacidade de tempos em tempos. Notificaremos o senhor sobre quaisquer altera\u00e7\u00f5es publicando a nova Pol\u00edtica de Privacidade nesta p\u00e1gina. <\/p>\n<\/p>\n<h2>13. Entre em contato conosco<\/h2>\n<p>Se o senhor tiver alguma d\u00favida sobre esta Pol\u00edtica de Privacidade, entre em contato conosco:<\/p>\n<\/p>\n<p>Por e-mail: nicolas at decodeapps dot com<\/p>\n<p>Visite esta p\u00e1gina em nosso site: www.decodeapps.com\/contact<\/p>\n<p>Por telefone: +33(0)660 755 243<\/p>\n<p>Por correio: Decode Consulting SAS, 45 Rue de Maubeuge, 75009, Paris, Fran\u00e7a<\/p>\n<\/div><\/div><\/div><\/div><\/div><\/p>\n","protected":false},"excerpt":{"rendered":"","protected":false},"author":1,"featured_media":0,"parent":0,"menu_order":0,"comment_status":"closed","ping_status":"open","template":"100-width.php","meta":{"footnotes":""},"class_list":["post-5208","page","type-page","status-publish","hentry"],"_links":{"self":[{"href":"https:\/\/www.decodeapps.com\/pt-br\/wp-json\/wp\/v2\/pages\/5208","targetHints":{"allow":["GET"]}}],"collection":[{"href":"https:\/\/www.decodeapps.com\/pt-br\/wp-json\/wp\/v2\/pages"}],"about":[{"href":"https:\/\/www.decodeapps.com\/pt-br\/wp-json\/wp\/v2\/types\/page"}],"author":[{"embeddable":true,"href":"https:\/\/www.decodeapps.com\/pt-br\/wp-json\/wp\/v2\/users\/1"}],"replies":[{"embeddable":true,"href":"https:\/\/www.decodeapps.com\/pt-br\/wp-json\/wp\/v2\/comments?post=5208"}],"version-history":[{"count":5,"href":"https:\/\/www.decodeapps.com\/pt-br\/wp-json\/wp\/v2\/pages\/5208\/revisions"}],"predecessor-version":[{"id":5375,"href":"https:\/\/www.decodeapps.com\/pt-br\/wp-json\/wp\/v2\/pages\/5208\/revisions\/5375"}],"wp:attachment":[{"href":"https:\/\/www.decodeapps.com\/pt-br\/wp-json\/wp\/v2\/media?parent=5208"}],"curies":[{"name":"wp","href":"https:\/\/api.w.org\/{rel}","templated":true}]}}