{"id":5224,"date":"2023-02-17T09:28:53","date_gmt":"2023-02-17T08:28:53","guid":{"rendered":"https:\/\/www.decodeapps.com\/politique-de-confidentialite-des-donnees\/"},"modified":"2025-03-24T17:10:01","modified_gmt":"2025-03-24T16:10:01","slug":"politique-de-confidentialite-des-donnees","status":"publish","type":"page","link":"https:\/\/www.decodeapps.com\/fr\/politique-de-confidentialite-des-donnees\/","title":{"rendered":"Politique de confidentialit\u00e9 des donn\u00e9es"},"content":{"rendered":"<p><div class=\"fusion-fullwidth fullwidth-box fusion-builder-row-1 fusion-flex-container nonhundred-percent-fullwidth non-hundred-percent-height-scrolling\" style=\"--awb-border-radius-top-left:0px;--awb-border-radius-top-right:0px;--awb-border-radius-bottom-right:0px;--awb-border-radius-bottom-left:0px;--awb-flex-wrap:wrap;\" ><div class=\"fusion-builder-row fusion-row fusion-flex-align-items-flex-start fusion-flex-content-wrap\" style=\"max-width:1248px;margin-left: calc(-4% \/ 2 );margin-right: calc(-4% \/ 2 );\"><div class=\"fusion-layout-column fusion_builder_column fusion-builder-column-0 fusion_builder_column_1_1 1_1 fusion-flex-column\" style=\"--awb-bg-blend:overlay;--awb-bg-size:cover;--awb-width-large:100%;--awb-margin-top-large:2vw;--awb-spacing-right-large:1.92%;--awb-margin-bottom-large:0px;--awb-spacing-left-large:1.92%;--awb-width-medium:100%;--awb-spacing-right-medium:1.92%;--awb-spacing-left-medium:1.92%;--awb-width-small:100%;--awb-spacing-right-small:1.92%;--awb-spacing-left-small:1.92%;\"><div class=\"fusion-column-wrapper fusion-flex-justify-content-flex-start fusion-content-layout-column\"><div class=\"fusion-title title fusion-title-1 fusion-sep-none fusion-title-center fusion-title-text fusion-title-size-one\" style=\"--awb-text-color:var(--awb-color4);--awb-margin-bottom:2vw;\"><h1 class=\"fusion-title-heading title-heading-center\" style=\"font-family:&quot;Roboto&quot;;font-style:normal;font-weight:700;margin:0;\"><div> <\/div>\n<p><span style=\"font-size: 42px; color: var(--awb-color4); font-weight: normal;\" data-fusion-font=\"true\">Politique de confidentialit\u00e9 des donn\u00e9es<\/span><\/p>\n<p><span style=\"color: var(--awb-color6); font-size: 34px; font-weight: normal; letter-spacing: var(--h1_typography-letter-spacing); text-transform: var(--h1_typography-text-transform); background-color: var(--awb-bg-color-hover);\"><br \/><\/span><\/p>\n<p><span style=\"color: var(--awb-color6); font-size: 34px; font-weight: normal; letter-spacing: var(--h1_typography-letter-spacing); text-transform: var(--h1_typography-text-transform); background-color: var(--awb-bg-color-hover);\">v1.2 du 24\/03\/2025<\/span><\/p><\/h1><\/div><\/div><\/div><\/div><\/div><div class=\"fusion-fullwidth fullwidth-box fusion-builder-row-2 fusion-flex-container has-pattern-background has-mask-background nonhundred-percent-fullwidth non-hundred-percent-height-scrolling\" style=\"--awb-border-radius-top-left:0px;--awb-border-radius-top-right:0px;--awb-border-radius-bottom-right:0px;--awb-border-radius-bottom-left:0px;--awb-flex-wrap:wrap;\" ><div class=\"fusion-builder-row fusion-row fusion-flex-align-items-flex-start fusion-flex-content-wrap\" style=\"max-width:1248px;margin-left: calc(-4% \/ 2 );margin-right: calc(-4% \/ 2 );\"><div class=\"fusion-layout-column fusion_builder_column fusion-builder-column-1 fusion_builder_column_1_1 1_1 fusion-flex-column\" style=\"--awb-bg-size:cover;--awb-width-large:100%;--awb-margin-top-large:0px;--awb-spacing-right-large:1.92%;--awb-margin-bottom-large:20px;--awb-spacing-left-large:1.92%;--awb-width-medium:100%;--awb-order-medium:0;--awb-spacing-right-medium:1.92%;--awb-spacing-left-medium:1.92%;--awb-width-small:100%;--awb-order-small:0;--awb-spacing-right-small:1.92%;--awb-spacing-left-small:1.92%;\"><div class=\"fusion-column-wrapper fusion-column-has-shadow fusion-flex-justify-content-flex-start fusion-content-layout-column\"><div class=\"fusion-text fusion-text-1\"><h2>1. Introduction<\/h2>\n<p>Decode Consulting SAS, sa marque Decodeapps et son site web https:\/\/www.decodeapps.Com (identifi\u00e9s par \u00ab\u00a0nous\u00a0\u00bb, \u00ab\u00a0notre\u00a0\u00bb, \u00ab\u00a0nos\u00a0\u00bb) s&rsquo;engagent \u00e0 prot\u00e9ger et \u00e0 respecter votre vie priv\u00e9e.<\/p>\n<p>La pr\u00e9sente politique de confidentialit\u00e9 explique comment nous recueillons, utilisons et prot\u00e9geons vos informations lorsque vous visitez notre site web https:\/\/www.decodeapps.Com et utilisez nos services.<\/p>\n<p>Veuillez lire attentivement cette politique pour comprendre nos pratiques concernant vos donn\u00e9es personnelles ainsi que les donn\u00e9es confidentielles de votre entreprise.<\/p>\n<\/p>\n<h2>2. Qui sommes-nous ?<\/h2>\n<p>Le projet Decodeapps a d\u00e9but\u00e9 en 2012 en tant que pionnier dans les comparaisons massives d&rsquo;Appstores bas\u00e9es sur des donn\u00e9es publiques et non-confidentielles.<\/p>\n<p>Actuellement, nous nous concentrons sur la fourniture de la meilleure solution personnalisable de rapports sur les applications mobiles aux principaux \u00e9diteurs du monde entier. Nous agr\u00e9geons rapidement des donn\u00e9es d&rsquo;analyse in-app, d&rsquo;analyse Appstore, de benchmarking des concurrents et d&rsquo;\u00e9valuations, dans le plus grand respect de la confidentialit\u00e9 des donn\u00e9es et des besoins de nos clients. <\/p>\n<\/p>\n<h2>3. Pourquoi traitons-nous vos donn\u00e9es personnelles ?<\/h2>\n<p>Nous traitons vos donn\u00e9es personnelles uniquement si vous d\u00e9cidez de nous contacter.<\/p>\n<p>Autrement, nous ne vous suivons pas d&rsquo;une mani\u00e8re ou d&rsquo;une autre, en collectant des cookies par exemple.<\/p>\n<\/p>\n<h2>4. Informations que nous recueillons<\/h2>\n<p>Donn\u00e9es personnelles que vous fournissez<\/p>\n<p><u>Informations de contact :<\/u><\/p>\n<p>Nom (Formulaire de contact)<\/p>\n<p>adresse \u00e9lectronique (formulaire de contact et lettre d&rsquo;information)<\/p>\n<p>num\u00e9ro de t\u00e9l\u00e9phone (formulaire Contact-us)<\/p>\n<p>etc. typiquement si vous choisissez de nous contacter ou de vous abonner \u00e0 notre lettre d&rsquo;information.<\/p>\n<p><u>Communication :<\/u><\/p>\n<p>Emails, interactions avec le service client\u00e8le, appels t\u00e9l\u00e9phoniques, etc., mais uniquement si vous avez d\u00e9cid\u00e9 que nous pouvions vous contacter.<\/p>\n<p>Donn\u00e9es collect\u00e9es automatiquement<\/p>\n<p>Donn\u00e9es techniques : Pour des raisons de s\u00e9curit\u00e9, l&rsquo;adresse IP, le type et la version du navigateur, le fuseau horaire, le type et la version des plug-ins du navigateur, le syst\u00e8me d&rsquo;exploitation et la plate-forme.<\/p>\n<p>Cookies et technologies de suivi : Nous avons choisi Matomo Analytics et l&rsquo;avons configur\u00e9 pour assurer un suivi sans cookies afin de recueillir uniquement des visites anonymes sur notre site web, y compris des donn\u00e9es sur le trafic, des donn\u00e9es de localisation, des journaux et d&rsquo;autres donn\u00e9es de communication.<\/p>\n<p>Technologie antispam : Cleantalk antispam est utilis\u00e9, les messages approuv\u00e9s ne sont pas sauvegard\u00e9s et les donn\u00e9es sont h\u00e9berg\u00e9es exclusivement dans l&rsquo;Union europ\u00e9enne.<\/p>\n<\/p>\n<h2>5. Comment utilisons-nous vos informations ?<\/h2>\n<p>Nous utilisons les informations que nous recueillons de la mani\u00e8re suivante :<\/p>\n<p>Fournir et maintenir nos services.<\/p>\n<p>Pour communiquer avec vous, y compris pour r\u00e9pondre \u00e0 vos demandes de renseignements.<\/p>\n<p>Am\u00e9liorer notre site web, nos produits et nos services.<\/p>\n<p>Assurer la s\u00e9curit\u00e9 de nos services et pr\u00e9venir la fraude.<\/p>\n<p>Respecter les obligations l\u00e9gales.<\/p>\n<\/p>\n<h2>6. Base juridique du traitement<\/h2>\n<p>Nous traitons vos donn\u00e9es personnelles sur la base des fondements juridiques suivants :<\/p>\n<\/p>\n<p>Consentement : Lorsque vous avez consenti \u00e0 ce que nous utilisions vos donn\u00e9es \u00e0 caract\u00e8re personnel. Par exemple, en nous contactant ou en vous inscrivant \u00e0 notre lettre d&rsquo;information. <\/p>\n<p>Obligation l\u00e9gale : Lorsque nous devons nous conformer \u00e0 une obligation l\u00e9gale.<\/p>\n<\/p>\n<h2>7. Partage et divulgation des donn\u00e9es<\/h2>\n<p>Nous pouvons partager vos donn\u00e9es personnelles dans les cas suivants :<\/p>\n<\/p>\n<p>Exigences l\u00e9gales : Si la loi l&rsquo;exige ou en r\u00e9ponse \u00e0 des demandes valables des autorit\u00e9s publiques.<\/p>\n<p>Transferts d&rsquo;activit\u00e9s : Dans le cadre d&rsquo;une fusion, d&rsquo;une vente d&rsquo;actifs de l&rsquo;entreprise, d&rsquo;un financement ou d&rsquo;une acquisition de tout ou partie de nos activit\u00e9s par une autre entreprise.<\/p>\n<h2>8. Pas de transferts internationaux de donn\u00e9es<\/h2>\n<p>Vos informations, y compris les donn\u00e9es personnelles, ne seront jamais transf\u00e9r\u00e9es et conserv\u00e9es sur des ordinateurs situ\u00e9s en dehors de l&rsquo;Union europ\u00e9enne, conform\u00e9ment au GDPR.<\/p>\n<\/p>\n<h2>9. Conservation des donn\u00e9es<\/h2>\n<p>Nous ne conserverons vos donn\u00e9es \u00e0 caract\u00e8re personnel que pendant la dur\u00e9e n\u00e9cessaire aux fins \u00e9nonc\u00e9es dans la pr\u00e9sente politique de protection de la vie priv\u00e9e, ou conform\u00e9ment \u00e0 la loi, g\u00e9n\u00e9ralement pendant un maximum de 5 (cinq) ans.<\/p>\n<\/p>\n<h2>10. Vos droits<\/h2>\n<p><u>Vous disposez des droits suivants concernant vos donn\u00e9es personnelles :<\/u><\/p>\n<p>Acc\u00e8s aux donn\u00e9es : Vous avez le droit de demander une copie des donn\u00e9es personnelles que nous d\u00e9tenons \u00e0 votre sujet.<\/p>\n<p>Rectification : Vous avez le droit de demander la rectification de toute donn\u00e9e inexacte ou incompl\u00e8te.<\/p>\n<p>Effacement : vous avez le droit de demander l&rsquo;effacement de vos donn\u00e9es \u00e0 caract\u00e8re personnel dans certaines circonstances.<\/p>\n<p>Restriction : Vous avez le droit de demander la limitation du traitement de vos donn\u00e9es personnelles sous certaines conditions.<\/p>\n<p>Portabilit\u00e9 des donn\u00e9es : Vous avez le droit de recevoir vos donn\u00e9es \u00e0 caract\u00e8re personnel dans un format structur\u00e9, couramment utilis\u00e9 et lisible par machine (g\u00e9n\u00e9ralement une exportation csv).<\/p>\n<p>Opposition : Vous avez le droit de vous opposer au traitement de vos donn\u00e9es personnelles dans certaines circonstances.<\/p>\n<p>Retirer son consentement : Si nous traitons vos donn\u00e9es \u00e0 caract\u00e8re personnel sur la base de votre consentement, vous avez le droit de retirer votre consentement \u00e0 tout moment.<\/p>\n<p>Pour exercer vos droits, veuillez nous envoyer un e-mail \u00e0 nicolas at decodeapps dot com.<\/p>\n<\/p>\n<h2>11. S\u00e9curit\u00e9<\/h2>\n<p>Nous prenons des mesures raisonnables pour prot\u00e9ger les donn\u00e9es personnelles que nous recueillons contre la perte, l&rsquo;utilisation abusive, l&rsquo;acc\u00e8s non autoris\u00e9, la divulgation, l&rsquo;alt\u00e9ration ou la destruction, sur la base des meilleures pratiques de la norme ISO 27001.<\/p>\n<\/p>\n<h2>12. Modifications de la pr\u00e9sente politique de protection de la vie priv\u00e9e<\/h2>\n<p>Nous pouvons mettre \u00e0 jour cette politique de confidentialit\u00e9 de temps \u00e0 autre. Nous vous informerons de toute modification en publiant la nouvelle politique de confidentialit\u00e9 sur cette page. <\/p>\n<\/p>\n<h2>13. Contactez nous<\/h2>\n<p>Si vous avez des questions concernant cette politique de confidentialit\u00e9, veuillez nous contacter :<\/p>\n<\/p>\n<p>Par courriel : nicolas at decodeapps dot com<\/p>\n<p>En visitant cette page sur notre site web : www.decodeapps.com\/contact<\/p>\n<p>Par t\u00e9l\u00e9phone : +33(0)660 755 243<\/p>\n<p>Par courrier : Decode Consulting SAS, 45 Rue de Maubeuge, 75009, Paris, France<\/p>\n<\/div><\/div><\/div><\/div><\/div><\/p>\n","protected":false},"excerpt":{"rendered":"","protected":false},"author":1,"featured_media":0,"parent":0,"menu_order":0,"comment_status":"closed","ping_status":"open","template":"100-width.php","meta":{"footnotes":""},"class_list":["post-5224","page","type-page","status-publish","hentry"],"_links":{"self":[{"href":"https:\/\/www.decodeapps.com\/fr\/wp-json\/wp\/v2\/pages\/5224","targetHints":{"allow":["GET"]}}],"collection":[{"href":"https:\/\/www.decodeapps.com\/fr\/wp-json\/wp\/v2\/pages"}],"about":[{"href":"https:\/\/www.decodeapps.com\/fr\/wp-json\/wp\/v2\/types\/page"}],"author":[{"embeddable":true,"href":"https:\/\/www.decodeapps.com\/fr\/wp-json\/wp\/v2\/users\/1"}],"replies":[{"embeddable":true,"href":"https:\/\/www.decodeapps.com\/fr\/wp-json\/wp\/v2\/comments?post=5224"}],"version-history":[{"count":5,"href":"https:\/\/www.decodeapps.com\/fr\/wp-json\/wp\/v2\/pages\/5224\/revisions"}],"predecessor-version":[{"id":5376,"href":"https:\/\/www.decodeapps.com\/fr\/wp-json\/wp\/v2\/pages\/5224\/revisions\/5376"}],"wp:attachment":[{"href":"https:\/\/www.decodeapps.com\/fr\/wp-json\/wp\/v2\/media?parent=5224"}],"curies":[{"name":"wp","href":"https:\/\/api.w.org\/{rel}","templated":true}]}}