{"id":5295,"date":"2023-02-17T09:28:53","date_gmt":"2023-02-17T08:28:53","guid":{"rendered":"https:\/\/www.decodeapps.com\/politica-de-proteccion-de-datos\/"},"modified":"2025-03-24T17:09:58","modified_gmt":"2025-03-24T16:09:58","slug":"politica-de-proteccion-de-datos","status":"publish","type":"page","link":"https:\/\/www.decodeapps.com\/es\/politica-de-proteccion-de-datos\/","title":{"rendered":"Pol\u00edtica de protecci\u00f3n de datos"},"content":{"rendered":"<p><div class=\"fusion-fullwidth fullwidth-box fusion-builder-row-1 fusion-flex-container nonhundred-percent-fullwidth non-hundred-percent-height-scrolling\" style=\"--awb-border-radius-top-left:0px;--awb-border-radius-top-right:0px;--awb-border-radius-bottom-right:0px;--awb-border-radius-bottom-left:0px;--awb-flex-wrap:wrap;\" ><div class=\"fusion-builder-row fusion-row fusion-flex-align-items-flex-start fusion-flex-content-wrap\" style=\"max-width:1248px;margin-left: calc(-4% \/ 2 );margin-right: calc(-4% \/ 2 );\"><div class=\"fusion-layout-column fusion_builder_column fusion-builder-column-0 fusion_builder_column_1_1 1_1 fusion-flex-column\" style=\"--awb-bg-blend:overlay;--awb-bg-size:cover;--awb-width-large:100%;--awb-margin-top-large:2vw;--awb-spacing-right-large:1.92%;--awb-margin-bottom-large:0px;--awb-spacing-left-large:1.92%;--awb-width-medium:100%;--awb-spacing-right-medium:1.92%;--awb-spacing-left-medium:1.92%;--awb-width-small:100%;--awb-spacing-right-small:1.92%;--awb-spacing-left-small:1.92%;\"><div class=\"fusion-column-wrapper fusion-flex-justify-content-flex-start fusion-content-layout-column\"><div class=\"fusion-title title fusion-title-1 fusion-sep-none fusion-title-center fusion-title-text fusion-title-size-one\" style=\"--awb-text-color:var(--awb-color4);--awb-margin-bottom:2vw;\"><h1 class=\"fusion-title-heading title-heading-center\" style=\"font-family:&quot;Roboto&quot;;font-style:normal;font-weight:700;margin:0;\"><div> <\/div>\n<p><span style=\"font-size: 42px; color: var(--awb-color4); font-weight: normal;\" data-fusion-font=\"true\">Pol\u00edtica de protecci\u00f3n de datos<\/span><\/p>\n<p><span style=\"color: var(--awb-color6); font-size: 34px; font-weight: normal; letter-spacing: var(--h1_typography-letter-spacing); text-transform: var(--h1_typography-text-transform); background-color: var(--awb-bg-color-hover);\"><br \/><\/span><\/p>\n<p><span style=\"color: var(--awb-color6); font-size: 34px; font-weight: normal; letter-spacing: var(--h1_typography-letter-spacing); text-transform: var(--h1_typography-text-transform); background-color: var(--awb-bg-color-hover);\">v1.2 a partir del 24\/03\/2025<\/span><\/p><\/h1><\/div><\/div><\/div><\/div><\/div><div class=\"fusion-fullwidth fullwidth-box fusion-builder-row-2 fusion-flex-container has-pattern-background has-mask-background nonhundred-percent-fullwidth non-hundred-percent-height-scrolling\" style=\"--awb-border-radius-top-left:0px;--awb-border-radius-top-right:0px;--awb-border-radius-bottom-right:0px;--awb-border-radius-bottom-left:0px;--awb-flex-wrap:wrap;\" ><div class=\"fusion-builder-row fusion-row fusion-flex-align-items-flex-start fusion-flex-content-wrap\" style=\"max-width:1248px;margin-left: calc(-4% \/ 2 );margin-right: calc(-4% \/ 2 );\"><div class=\"fusion-layout-column fusion_builder_column fusion-builder-column-1 fusion_builder_column_1_1 1_1 fusion-flex-column\" style=\"--awb-bg-size:cover;--awb-width-large:100%;--awb-margin-top-large:0px;--awb-spacing-right-large:1.92%;--awb-margin-bottom-large:20px;--awb-spacing-left-large:1.92%;--awb-width-medium:100%;--awb-order-medium:0;--awb-spacing-right-medium:1.92%;--awb-spacing-left-medium:1.92%;--awb-width-small:100%;--awb-order-small:0;--awb-spacing-right-small:1.92%;--awb-spacing-left-small:1.92%;\"><div class=\"fusion-column-wrapper fusion-column-has-shadow fusion-flex-justify-content-flex-start fusion-content-layout-column\"><div class=\"fusion-text fusion-text-1\"><h2>1. Introducci\u00f3n<\/h2>\n<p>Decode Consulting SAS, su marca Decodeapps y su sitio web https:\/\/www.decodeapps.Com (identificados como \u00abnosotros\u00bb, \u00abnuestro\u00bb, \u00abnos\u00bb) se compromete a proteger y respetar su privacidad.<\/p>\n<p>Esta Pol\u00edtica de Privacidad explica c\u00f3mo recogemos, utilizamos y salvaguardamos su informaci\u00f3n cuando visita nuestra p\u00e1gina web https:\/\/www.decodeapps.Com y utiliza nuestros servicios.<\/p>\n<p>Le rogamos que lea detenidamente esta pol\u00edtica para comprender nuestras pr\u00e1cticas en relaci\u00f3n con sus datos personales, as\u00ed como con los datos confidenciales de su empresa.<\/p>\n<\/p>\n<h2>2. \u00bfQui\u00e9nes somos?<\/h2>\n<p>El proyecto Decodeapps comenz\u00f3 en 2012 como pionero en Appstores de referencia masiva basados en datos p\u00fablicos y no confidenciales.<\/p>\n<p>Actualmente nos centramos en ofrecer la mejor soluci\u00f3n personalizable de informes sobre aplicaciones m\u00f3viles a los principales editores de todo el mundo. Agregamos r\u00e1pidamente conjuntos de datos de an\u00e1lisis dentro de la aplicaci\u00f3n, an\u00e1lisis de Appstore, comparativas con competidores y rese\u00f1as con el m\u00e1ximo respeto por la privacidad de los datos y las necesidades de nuestros clientes. <\/p>\n<\/p>\n<h2>3. \u00bfPor qu\u00e9 procesamos sus datos personales?<\/h2>\n<p>S\u00f3lo procesamos sus datos personales si decide ponerse en contacto con nosotros.<\/p>\n<p>Por lo dem\u00e1s, no le rastreamos de ninguna manera, por ejemplo, mediante la recogida de cookies.<\/p>\n<\/p>\n<h2>4. Informaci\u00f3n que recopilamos<\/h2>\n<p>Datos personales que usted proporciona<\/p>\n<p><u>Informaci\u00f3n de contacto:<\/u><\/p>\n<p>Nombre (Formulario de contacto)<\/p>\n<p>direcci\u00f3n de correo electr\u00f3nico (formulario de contacto y bolet\u00edn informativo)<\/p>\n<p>n\u00famero de tel\u00e9fono (Formulario de contacto)<\/p>\n<p>etc., normalmente si decide ponerse en contacto con nosotros o suscribirse a nuestro bolet\u00edn de noticias.<\/p>\n<p><u>Comunicaci\u00f3n:<\/u><\/p>\n<p>Correos electr\u00f3nicos, interacciones con el servicio de atenci\u00f3n al cliente, llamadas telef\u00f3nicas, etc., pero s\u00f3lo si usted ha decidido que nos pongamos en contacto con usted.<\/p>\n<p>Datos recogidos autom\u00e1ticamente<\/p>\n<p>Datos t\u00e9cnicos: Por razones de seguridad, direcci\u00f3n IP, tipo y versi\u00f3n del navegador, configuraci\u00f3n de la zona horaria, tipos y versiones de los complementos del navegador, sistema operativo y plataforma.<\/p>\n<p>Cookies y tecnolog\u00edas de seguimiento: Hemos elegido Matomo Analytics y lo hemos configurado para garantizar un seguimiento sin cookies con el fin de recopilar \u00fanicamente visitas an\u00f3nimas a nuestro sitio web, incluidos datos de tr\u00e1fico, datos de ubicaci\u00f3n, registros y otros datos de comunicaci\u00f3n.<\/p>\n<p>Tecnolog\u00eda antispam : Se utiliza el antispam de Cleantalk, los mensajes aprobados no se guardan y los datos se alojan exclusivamente en la Uni\u00f3n Europea.<\/p>\n<\/p>\n<h2>5. C\u00f3mo utilizamos su informaci\u00f3n<\/h2>\n<p>Utilizamos la informaci\u00f3n que recopilamos de las siguientes maneras:<\/p>\n<p>Para proporcionar y mantener nuestros servicios.<\/p>\n<p>Para comunicarnos con usted, incluida la respuesta a sus consultas.<\/p>\n<p>Para mejorar nuestro sitio web, productos y servicios.<\/p>\n<p>Para garantizar la seguridad de nuestros servicios y prevenir el fraude.<\/p>\n<p>Para cumplir con las obligaciones legales.<\/p>\n<\/p>\n<h2>6. Base jur\u00eddica del tratamiento<\/h2>\n<p>Procesamos sus datos personales bas\u00e1ndonos en los siguientes fundamentos jur\u00eddicos:<\/p>\n<\/p>\n<p>Consentimiento: Cuando usted haya dado su consentimiento para que utilicemos sus datos personales. Por ejemplo, poni\u00e9ndose en contacto con nosotros o suscribi\u00e9ndose a nuestro bolet\u00edn informativo. <\/p>\n<p>Obligaci\u00f3n legal: Cuando necesitemos cumplir con una obligaci\u00f3n legal.<\/p>\n<\/p>\n<h2>7. Intercambio y divulgaci\u00f3n de datos<\/h2>\n<p>Podemos compartir sus datos personales en los siguientes casos:<\/p>\n<\/p>\n<p>Requisitos legales: Si as\u00ed lo exige la ley o en respuesta a solicitudes v\u00e1lidas de las autoridades p\u00fablicas.<\/p>\n<p>Transferencias empresariales: En relaci\u00f3n con cualquier fusi\u00f3n, venta de activos de la empresa, financiaci\u00f3n o adquisici\u00f3n de la totalidad o parte de nuestro negocio por parte de otra empresa.<\/p>\n<h2>8. Sin transferencias internacionales de datos<\/h2>\n<p>Su informaci\u00f3n, incluidos los datos personales, nunca se transferir\u00e1 a ordenadores situados fuera de la Uni\u00f3n Europea ni se mantendr\u00e1 en ellos, en cumplimiento de la GDPR.<\/p>\n<\/p>\n<h2>9. Conservaci\u00f3n de datos<\/h2>\n<p>Conservaremos sus datos personales s\u00f3lo durante el tiempo que sea necesario para los fines establecidos en esta Pol\u00edtica de Privacidad, o seg\u00fan lo exija la ley, normalmente durante un m\u00e1ximo de 5 (cinco) a\u00f1os.<\/p>\n<\/p>\n<h2>10. Sus derechos<\/h2>\n<p><u>Usted tiene los siguientes derechos en relaci\u00f3n con sus datos personales:<\/u><\/p>\n<p>Acceso: Tiene derecho a solicitar una copia de los datos personales que tenemos sobre usted.<\/p>\n<p>Rectificaci\u00f3n: Tiene derecho a solicitar la rectificaci\u00f3n de cualquier dato inexacto o incompleto.<\/p>\n<p>Supresi\u00f3n: Tiene derecho a solicitar la supresi\u00f3n de sus datos personales en determinadas circunstancias.<\/p>\n<p>Restricci\u00f3n: Tiene derecho a solicitar la restricci\u00f3n del tratamiento de sus datos personales en determinadas condiciones.<\/p>\n<p>Portabilidad de datos: Tiene derecho a recibir sus datos personales en un formato estructurado, de uso com\u00fan y legible por m\u00e1quina (normalmente una exportaci\u00f3n csv).<\/p>\n<p>Oposici\u00f3n: Tiene derecho a oponerse al tratamiento de sus datos personales en determinadas circunstancias.<\/p>\n<p>Retirar el consentimiento: Si estamos procesando sus datos personales bas\u00e1ndonos en su consentimiento, tiene derecho a retirar su consentimiento en cualquier momento.<\/p>\n<p>Para ejercer sus derechos, env\u00edenos un correo electr\u00f3nico a nicolas arroba decodeapps punto com<\/p>\n<\/p>\n<h2>11. Seguridad<\/h2>\n<p>Tomamos medidas razonables para proteger los datos personales que recopilamos de p\u00e9rdidas, uso indebido, acceso no autorizado, divulgaci\u00f3n, alteraci\u00f3n o destrucci\u00f3n, bas\u00e1ndonos en las mejores pr\u00e1cticas de la norma ISO 27001.<\/p>\n<\/p>\n<h2>12. Cambios en esta pol\u00edtica de privacidad<\/h2>\n<p>Podemos actualizar esta Pol\u00edtica de Privacidad de vez en cuando. Le notificaremos cualquier cambio publicando la nueva Pol\u00edtica de Privacidad en esta p\u00e1gina.<\/p>\n<\/p>\n<h2>13. P\u00f3ngase en contacto con nosotros<\/h2>\n<p>Si tiene alguna pregunta sobre esta Pol\u00edtica de Privacidad, p\u00f3ngase en contacto con nosotros:<\/p>\n<\/p>\n<p>Por correo electr\u00f3nico: nicolas arroba decodeapps punto com<\/p>\n<p>Visitando esta p\u00e1gina de nuestro sitio web: www.decodeapps.com\/contact<\/p>\n<p>Por tel\u00e9fono +33(0)660 755 243<\/p>\n<p>Por correo postal: Decode Consulting SAS, 45 Rue de Maubeuge, 75009, Par\u00eds, Francia<\/p>\n<\/div><\/div><\/div><\/div><\/div><\/p>\n","protected":false},"excerpt":{"rendered":"","protected":false},"author":1,"featured_media":0,"parent":0,"menu_order":0,"comment_status":"closed","ping_status":"open","template":"100-width.php","meta":{"footnotes":""},"class_list":["post-5295","page","type-page","status-publish","hentry"],"_links":{"self":[{"href":"https:\/\/www.decodeapps.com\/es\/wp-json\/wp\/v2\/pages\/5295","targetHints":{"allow":["GET"]}}],"collection":[{"href":"https:\/\/www.decodeapps.com\/es\/wp-json\/wp\/v2\/pages"}],"about":[{"href":"https:\/\/www.decodeapps.com\/es\/wp-json\/wp\/v2\/types\/page"}],"author":[{"embeddable":true,"href":"https:\/\/www.decodeapps.com\/es\/wp-json\/wp\/v2\/users\/1"}],"replies":[{"embeddable":true,"href":"https:\/\/www.decodeapps.com\/es\/wp-json\/wp\/v2\/comments?post=5295"}],"version-history":[{"count":2,"href":"https:\/\/www.decodeapps.com\/es\/wp-json\/wp\/v2\/pages\/5295\/revisions"}],"predecessor-version":[{"id":5368,"href":"https:\/\/www.decodeapps.com\/es\/wp-json\/wp\/v2\/pages\/5295\/revisions\/5368"}],"wp:attachment":[{"href":"https:\/\/www.decodeapps.com\/es\/wp-json\/wp\/v2\/media?parent=5295"}],"curies":[{"name":"wp","href":"https:\/\/api.w.org\/{rel}","templated":true}]}}